{"id":22,"date":"2022-05-24T11:12:13","date_gmt":"2022-05-24T11:12:13","guid":{"rendered":"https:\/\/disenya.produccionesgorgona.com\/?page_id=22"},"modified":"2023-10-26T20:33:09","modified_gmt":"2023-10-26T20:33:09","slug":"sobre-nosotras","status":"publish","type":"page","link":"https:\/\/disenya.produccionesgorgona.com\/?page_id=22","title":{"rendered":"Sobre nosotras"},"content":{"rendered":"\n<p>Detr\u00e1s de las Dise\u00f1a nos encontramos Iris y Mirella, dos dise\u00f1adoras de rol con bastante experiencia a sus espaldas. Con estas jornadas queremos crear un lugar de uni\u00f3n entre las dise\u00f1adoras de rol espa\u00f1olas, donde compartir ideas, crear en talleres y, en definitiva, dar un empuj\u00f3n al dise\u00f1o de juegos de rol en Espa\u00f1a. <\/p>\n\n\n\n<div class=\"wp-block-media-text alignwide is-stacked-on-mobile\"><figure class=\"wp-block-media-text__media\"><img decoding=\"async\" loading=\"lazy\" width=\"1024\" height=\"963\" src=\"https:\/\/disenya.produccionesgorgona.com\/wp-content\/uploads\/2022\/05\/photo1653473589-1024x963.jpeg\" alt=\"\" class=\"wp-image-66 size-full\" srcset=\"https:\/\/disenya.produccionesgorgona.com\/wp-content\/uploads\/2022\/05\/photo1653473589-1024x963.jpeg 1024w, https:\/\/disenya.produccionesgorgona.com\/wp-content\/uploads\/2022\/05\/photo1653473589-300x282.jpeg 300w, https:\/\/disenya.produccionesgorgona.com\/wp-content\/uploads\/2022\/05\/photo1653473589-768x722.jpeg 768w, https:\/\/disenya.produccionesgorgona.com\/wp-content\/uploads\/2022\/05\/photo1653473589.jpeg 1280w\" sizes=\"(max-width: 1024px) 100vw, 1024px\" \/><\/figure><div class=\"wp-block-media-text__content\">\n<p class=\"has-large-font-size\">Iris Sancho<\/p>\n\n\n\n<p>Rolera desde muy joven, doctora en Qu\u00edmica Org\u00e1nica y poeta (habiendo publicado el libro de poemas Coordenada de reacci\u00f3n). En el mundo del rol ha dise\u00f1ado \u201cLa Cocina\u201d editado con mucho mimo por \u201cAllthelittlelights\u201d, y tambi\u00e9n aventuras o settings para los juegos Monsterhearts, Camaradas y Lovecraftesque , as\u00ed como poemas para Lo que dejamos en nuestro hogar (juego de Pepe Pedraz) o Trueque\/Mitos (en el escenario Bodas de sal, de \u00d3scar Pe\u00f1a).<\/p>\n<\/div><\/div>\n\n\n\n<div class=\"wp-block-media-text alignwide is-stacked-on-mobile\"><figure class=\"wp-block-media-text__media\"><img decoding=\"async\" loading=\"lazy\" width=\"1024\" height=\"760\" src=\"https:\/\/disenya.produccionesgorgona.com\/wp-content\/uploads\/2022\/05\/IMG_20200327_133306-1024x760.jpg\" alt=\"\" class=\"wp-image-24 size-full\" srcset=\"https:\/\/disenya.produccionesgorgona.com\/wp-content\/uploads\/2022\/05\/IMG_20200327_133306-1024x760.jpg 1024w, https:\/\/disenya.produccionesgorgona.com\/wp-content\/uploads\/2022\/05\/IMG_20200327_133306-300x223.jpg 300w, https:\/\/disenya.produccionesgorgona.com\/wp-content\/uploads\/2022\/05\/IMG_20200327_133306-768x570.jpg 768w, https:\/\/disenya.produccionesgorgona.com\/wp-content\/uploads\/2022\/05\/IMG_20200327_133306-1536x1140.jpg 1536w, https:\/\/disenya.produccionesgorgona.com\/wp-content\/uploads\/2022\/05\/IMG_20200327_133306-2048x1520.jpg 2048w, https:\/\/disenya.produccionesgorgona.com\/wp-content\/uploads\/2022\/05\/IMG_20200327_133306-2000x1485.jpg 2000w\" sizes=\"(max-width: 1024px) 100vw, 1024px\" \/><\/figure><div class=\"wp-block-media-text__content\">\n<p class=\"has-large-font-size\">Mirella Machancoses<\/p>\n\n\n\n<p>Cofundadora de Producciones Gorgona, doctora en arqueolog\u00eda y escritora y dise\u00f1adora de rol. Lleva m\u00e1s de 15 a\u00f1os como directora de roles en vivo, formando parte de diversas asociaciones. Ha escrito Secci\u00f3n Oculta con Sugaar Editorial, casos de Trueque Noir para El Refugio Editorial, aventuras para Shadowlands, etc. Su primer libro de teor\u00eda rolera, \u00bfHablamos de Rol?, est\u00e1 en marcha con Shadowlands Editorial.<\/p>\n<\/div><\/div>\n\n\n\n<p><\/p>\n","protected":false},"excerpt":{"rendered":"<p>Detr\u00e1s de las Dise\u00f1a nos encontramos Iris y Mirella, dos dise\u00f1adoras de rol con bastante experiencia a sus espaldas. Con estas jornadas queremos crear un lugar de uni\u00f3n entre las dise\u00f1adoras de rol espa\u00f1olas, donde compartir ideas, crear en talleres y, en definitiva, dar un empuj\u00f3n al dise\u00f1o de juegos de rol en Espa\u00f1a. Iris &hellip; <\/p>\n<p class=\"link-more\"><a href=\"https:\/\/disenya.produccionesgorgona.com\/?page_id=22\" class=\"more-link\">Leer m\u00e1s<span class=\"screen-reader-text\"> \u00abSobre nosotras\u00bb<\/span><\/a><\/p>\n","protected":false},"author":1,"featured_media":0,"parent":0,"menu_order":0,"comment_status":"closed","ping_status":"closed","template":"","meta":{"footnotes":"","inspiro_hide_title":false},"_links":{"self":[{"href":"https:\/\/disenya.produccionesgorgona.com\/index.php?rest_route=\/wp\/v2\/pages\/22"}],"collection":[{"href":"https:\/\/disenya.produccionesgorgona.com\/index.php?rest_route=\/wp\/v2\/pages"}],"about":[{"href":"https:\/\/disenya.produccionesgorgona.com\/index.php?rest_route=\/wp\/v2\/types\/page"}],"author":[{"embeddable":true,"href":"https:\/\/disenya.produccionesgorgona.com\/index.php?rest_route=\/wp\/v2\/users\/1"}],"replies":[{"embeddable":true,"href":"https:\/\/disenya.produccionesgorgona.com\/index.php?rest_route=%2Fwp%2Fv2%2Fcomments&post=22"}],"version-history":[{"count":4,"href":"https:\/\/disenya.produccionesgorgona.com\/index.php?rest_route=\/wp\/v2\/pages\/22\/revisions"}],"predecessor-version":[{"id":137,"href":"https:\/\/disenya.produccionesgorgona.com\/index.php?rest_route=\/wp\/v2\/pages\/22\/revisions\/137"}],"wp:attachment":[{"href":"https:\/\/disenya.produccionesgorgona.com\/index.php?rest_route=%2Fwp%2Fv2%2Fmedia&parent=22"}],"curies":[{"name":"wp","href":"https:\/\/api.w.org\/{rel}","templated":true}]}}