{"id":33,"date":"2022-05-24T11:20:50","date_gmt":"2022-05-24T11:20:50","guid":{"rendered":"https:\/\/disenya.produccionesgorgona.com\/?page_id=33"},"modified":"2023-11-07T10:41:36","modified_gmt":"2023-11-07T10:41:36","slug":"informacion","status":"publish","type":"page","link":"https:\/\/disenya.produccionesgorgona.com\/","title":{"rendered":"Informaci\u00f3n"},"content":{"rendered":"\n<p>Aqu\u00ed toda la informaci\u00f3n pr\u00e1ctica del evento. Rogamos que se lea con atenci\u00f3n antes de realizar la inscripci\u00f3n. <\/p>\n\n\n\n<h2 class=\"wp-block-heading\">Fechas<\/h2>\n\n\n\n<p>El evento tendr\u00e1 lugar del <strong>23 al 25 de febrero de 2024<\/strong>.<\/p>\n\n\n\n<h2 class=\"wp-block-heading\">Precio<\/h2>\n\n\n\n<p>El precio por el fin de semana var\u00eda seg\u00fan la modalidad de habitaci\u00f3n que escojas:<\/p>\n\n\n\n<ul>\n<li><strong>250\u20ac<\/strong> en <strong>habitaci\u00f3n doble<\/strong> (si sabes con qui\u00e9n quieres asistir, podr\u00e1s indic\u00e1rnoslo)<\/li>\n\n\n\n<li><strong>290\u20ac<\/strong> en <strong>habitaci\u00f3n individual<\/strong> (plazas limitadas)<\/li>\n<\/ul>\n\n\n\n<p>El evento debe pagarse durante la semana siguiente a la inscripci\u00f3n en el mismo.<\/p>\n\n\n\n<p>Habr\u00e1 posibilidad de hacer un <strong>pago fraccionado<\/strong>. \u00c9ste se realizar\u00e1 del siguiente modo:<\/p>\n\n\n\n<ul>\n<li>Primer pago: <strong>130\u20ac<\/strong>, durante la semana de la inscripci\u00f3n<\/li>\n\n\n\n<li>Segundo pago: <strong>130\u20ac<\/strong> (170\u20ac si est\u00e1s en habitaci\u00f3n individual), antes del 15 de enero de 2024<\/li>\n<\/ul>\n\n\n\n<p>Inscribirse en el evento implica la aceptaci\u00f3n de las <a href=\"https:\/\/disenya.produccionesgorgona.com\/?page_id=45\">normas de conducta<\/a> del mismo.<\/p>\n\n\n\n<p>Los pagos del evento NO se devuelven, pero pod\u00e9is buscar a alguien que os sustituya y revender el ticket siempre que nos avis\u00e9is antes del 10 de febrero. Toda venta de la entrada debe ser comunicada a organizaci\u00f3n en el correo <strong>roldisena@gmail.com<\/strong>.<\/p>\n\n\n\n<p>Hemos abierto tambi\u00e9n una <strong>mesa 0<\/strong> con la que pod\u00e9is colaborar con que el evento salga adelante sin asistir a las jornadas de manera presencial. Si quer\u00e9is ser parte de ella pod\u00e9is hacer una donaci\u00f3n a partir de 10\u20ac en el <strong>Paypal mirella.machancoses@gmail.com<\/strong>. Con ello haremos unas jornadas a\u00fan mejores, y podremos sacar alguna plaza reducida. \u00a1Much\u00edsimas gracias!<\/p>\n\n\n\n<h2 class=\"wp-block-heading\">Incluye<\/h2>\n\n\n\n<p>Este precio incluye:<\/p>\n\n\n\n<ul>\n<li>Alojamiento en habitaci\u00f3n compartida<\/li>\n\n\n\n<li>Pensi\u00f3n completa<\/li>\n\n\n\n<li>Participaci\u00f3n en todas las actividades del programa: talleres, grupos de trabajo y tutor\u00edas.<\/li>\n<\/ul>\n\n\n\n<h2 class=\"wp-block-heading\">Lugar<\/h2>\n\n\n\n<p>El evento se realizar\u00e1 en el <a href=\"https:\/\/hotelfornoscalatayud.com\/\">Hotel Fornos<\/a> (Calatayud, Zaragoza), donde contaremos con alojamiento, men\u00fa en su restaurante y sala donde realizar los encuentros. El hotel se encuentra en pleno centro de la ciudad, accesible por transporte p\u00fablico.<\/p>\n\n\n\n<figure class=\"wp-block-gallery has-nested-images columns-default is-cropped wp-block-gallery-1 is-layout-flex wp-block-gallery-is-layout-flex\">\n<figure class=\"wp-block-image size-large\"><img decoding=\"async\" loading=\"lazy\" width=\"450\" height=\"300\" data-id=\"147\" src=\"https:\/\/disenya.produccionesgorgona.com\/wp-content\/uploads\/2023\/10\/Salon-evento-calatayud.jpg\" alt=\"\" class=\"wp-image-147\" srcset=\"https:\/\/disenya.produccionesgorgona.com\/wp-content\/uploads\/2023\/10\/Salon-evento-calatayud.jpg 450w, https:\/\/disenya.produccionesgorgona.com\/wp-content\/uploads\/2023\/10\/Salon-evento-calatayud-300x200.jpg 300w\" sizes=\"(max-width: 450px) 100vw, 450px\" \/><\/figure>\n\n\n\n<figure class=\"wp-block-image size-large\"><img decoding=\"async\" loading=\"lazy\" width=\"800\" height=\"600\" data-id=\"149\" src=\"https:\/\/disenya.produccionesgorgona.com\/wp-content\/uploads\/2023\/10\/Cafeteria_1_fornos.jpg\" alt=\"\" class=\"wp-image-149\" srcset=\"https:\/\/disenya.produccionesgorgona.com\/wp-content\/uploads\/2023\/10\/Cafeteria_1_fornos.jpg 800w, https:\/\/disenya.produccionesgorgona.com\/wp-content\/uploads\/2023\/10\/Cafeteria_1_fornos-300x225.jpg 300w, https:\/\/disenya.produccionesgorgona.com\/wp-content\/uploads\/2023\/10\/Cafeteria_1_fornos-768x576.jpg 768w\" sizes=\"(max-width: 800px) 100vw, 800px\" \/><\/figure>\n\n\n\n<figure class=\"wp-block-image size-large\"><img decoding=\"async\" loading=\"lazy\" width=\"1000\" height=\"667\" data-id=\"150\" src=\"https:\/\/disenya.produccionesgorgona.com\/wp-content\/uploads\/2023\/10\/6325249.jpg\" alt=\"\" class=\"wp-image-150\" srcset=\"https:\/\/disenya.produccionesgorgona.com\/wp-content\/uploads\/2023\/10\/6325249.jpg 1000w, https:\/\/disenya.produccionesgorgona.com\/wp-content\/uploads\/2023\/10\/6325249-300x200.jpg 300w, https:\/\/disenya.produccionesgorgona.com\/wp-content\/uploads\/2023\/10\/6325249-768x512.jpg 768w\" sizes=\"(max-width: 1000px) 100vw, 1000px\" \/><\/figure>\n\n\n\n<figure class=\"wp-block-image size-large\"><img decoding=\"async\" loading=\"lazy\" width=\"1024\" height=\"683\" data-id=\"148\" src=\"https:\/\/disenya.produccionesgorgona.com\/wp-content\/uploads\/2023\/10\/12628304.jpg\" alt=\"\" class=\"wp-image-148\" srcset=\"https:\/\/disenya.produccionesgorgona.com\/wp-content\/uploads\/2023\/10\/12628304.jpg 1024w, https:\/\/disenya.produccionesgorgona.com\/wp-content\/uploads\/2023\/10\/12628304-300x200.jpg 300w, https:\/\/disenya.produccionesgorgona.com\/wp-content\/uploads\/2023\/10\/12628304-768x512.jpg 768w\" sizes=\"(max-width: 1024px) 100vw, 1024px\" \/><\/figure>\n\n\n\n<figure class=\"wp-block-image size-large\"><img decoding=\"async\" loading=\"lazy\" width=\"1000\" height=\"694\" data-id=\"151\" src=\"https:\/\/disenya.produccionesgorgona.com\/wp-content\/uploads\/2023\/10\/6325301.jpg\" alt=\"\" class=\"wp-image-151\" srcset=\"https:\/\/disenya.produccionesgorgona.com\/wp-content\/uploads\/2023\/10\/6325301.jpg 1000w, https:\/\/disenya.produccionesgorgona.com\/wp-content\/uploads\/2023\/10\/6325301-300x208.jpg 300w, https:\/\/disenya.produccionesgorgona.com\/wp-content\/uploads\/2023\/10\/6325301-768x533.jpg 768w\" sizes=\"(max-width: 1000px) 100vw, 1000px\" \/><\/figure>\n<\/figure>\n","protected":false},"excerpt":{"rendered":"<p>Aqu\u00ed toda la informaci\u00f3n pr\u00e1ctica del evento. Rogamos que se lea con atenci\u00f3n antes de realizar la inscripci\u00f3n. Fechas El evento tendr\u00e1 lugar del 23 al 25 de febrero de 2024. Precio El precio por el fin de semana var\u00eda seg\u00fan la modalidad de habitaci\u00f3n que escojas: El evento debe pagarse durante la semana siguiente &hellip; <\/p>\n<p class=\"link-more\"><a href=\"https:\/\/disenya.produccionesgorgona.com\/\" class=\"more-link\">Leer m\u00e1s<span class=\"screen-reader-text\"> \u00abInformaci\u00f3n\u00bb<\/span><\/a><\/p>\n","protected":false},"author":1,"featured_media":0,"parent":0,"menu_order":0,"comment_status":"closed","ping_status":"closed","template":"","meta":{"footnotes":"","inspiro_hide_title":false},"_links":{"self":[{"href":"https:\/\/disenya.produccionesgorgona.com\/index.php?rest_route=\/wp\/v2\/pages\/33"}],"collection":[{"href":"https:\/\/disenya.produccionesgorgona.com\/index.php?rest_route=\/wp\/v2\/pages"}],"about":[{"href":"https:\/\/disenya.produccionesgorgona.com\/index.php?rest_route=\/wp\/v2\/types\/page"}],"author":[{"embeddable":true,"href":"https:\/\/disenya.produccionesgorgona.com\/index.php?rest_route=\/wp\/v2\/users\/1"}],"replies":[{"embeddable":true,"href":"https:\/\/disenya.produccionesgorgona.com\/index.php?rest_route=%2Fwp%2Fv2%2Fcomments&post=33"}],"version-history":[{"count":11,"href":"https:\/\/disenya.produccionesgorgona.com\/index.php?rest_route=\/wp\/v2\/pages\/33\/revisions"}],"predecessor-version":[{"id":166,"href":"https:\/\/disenya.produccionesgorgona.com\/index.php?rest_route=\/wp\/v2\/pages\/33\/revisions\/166"}],"wp:attachment":[{"href":"https:\/\/disenya.produccionesgorgona.com\/index.php?rest_route=%2Fwp%2Fv2%2Fmedia&parent=33"}],"curies":[{"name":"wp","href":"https:\/\/api.w.org\/{rel}","templated":true}]}}