{"id":38,"date":"2022-05-24T11:24:14","date_gmt":"2022-05-24T11:24:14","guid":{"rendered":"https:\/\/disenya.produccionesgorgona.com\/?page_id=38"},"modified":"2023-12-15T11:47:54","modified_gmt":"2023-12-15T11:47:54","slug":"programa","status":"publish","type":"page","link":"https:\/\/disenya.produccionesgorgona.com\/?page_id=38","title":{"rendered":"Programa"},"content":{"rendered":"\n<h2 class=\"wp-block-heading\">Viernes 23 de febrero<\/h2>\n\n\n\n<p>16:00- 20:30 Llegada y bienvenida<\/p>\n\n\n\n<p>21:00-22:00 Cena<\/p>\n\n\n\n<p>22:00-24:00 Talleres de iniciaci\u00f3n a cargo de Mirella e Iris<\/p>\n\n\n\n<h2 class=\"wp-block-heading\">S\u00e1bado 24 de febrero<\/h2>\n\n\n\n<p>09:00- 10:00 Desayuno<\/p>\n\n\n\n<p>10:30 &#8211; 13:30 Elegancia en el dise\u00f1o de juegos de rol. Roberto Alhambra<\/p>\n\n\n\n<p>14:00 &#8211; 15:00 Comida<\/p>\n\n\n\n<p>16:30 &#8211; 19:30 Pluma mercenaria: cuando escribes para otros. Mar\u00eda R\u00edos, Hiromi.<\/p>\n\n\n\n<p>21:00 &#8211; 22:00 Cena<\/p>\n\n\n\n<p>22:30 &#8211; 24:00 Qu\u00e9 hace una editora y c\u00f3mo pon\u00e9rselo f\u00e1cil. Vanessa Carballo<\/p>\n\n\n\n<p>                       Vende BIEN tu juego a una editorial. Vanessa Carballo<\/p>\n\n\n\n<h2 class=\"wp-block-heading\">Domingo 25 de febrero<\/h2>\n\n\n\n<p>09:00 &#8211; 10:00 Desayuno<\/p>\n\n\n\n<p>10:30 &#8211; 13:00 Tutor\u00edas Roleras. <br>10:30 &#8211; 13:00 Mec\u00e1nica WoW y despiece de un PbtA. Iris<\/p>\n\n\n\n<p>14:00 &#8211; 15:00 Comida<\/p>\n\n\n\n<p>16:00 Despedida<\/p>\n\n\n\n<hr class=\"wp-block-separator has-alpha-channel-opacity\"\/>\n\n\n\n<p>Este programa puede estar sujeto a cambios y modificaciones de \u00faltima hora seg\u00fan la disponibilidad de las ponentes e imprevistos de organizaci\u00f3n. Se mantendr\u00e1 a las asistentes informadas de ellos si los hubiese. <\/p>\n","protected":false},"excerpt":{"rendered":"<p>Viernes 23 de febrero 16:00- 20:30 Llegada y bienvenida 21:00-22:00 Cena 22:00-24:00 Talleres de iniciaci\u00f3n a cargo de Mirella e Iris S\u00e1bado 24 de febrero 09:00- 10:00 Desayuno 10:30 &#8211; 13:30 Elegancia en el dise\u00f1o de juegos de rol. Roberto Alhambra 14:00 &#8211; 15:00 Comida 16:30 &#8211; 19:30 Pluma mercenaria: cuando escribes para otros. Mar\u00eda &hellip; <\/p>\n<p class=\"link-more\"><a href=\"https:\/\/disenya.produccionesgorgona.com\/?page_id=38\" class=\"more-link\">Leer m\u00e1s<span class=\"screen-reader-text\"> \u00abPrograma\u00bb<\/span><\/a><\/p>\n","protected":false},"author":1,"featured_media":0,"parent":0,"menu_order":0,"comment_status":"closed","ping_status":"closed","template":"","meta":{"footnotes":"","inspiro_hide_title":false},"_links":{"self":[{"href":"https:\/\/disenya.produccionesgorgona.com\/index.php?rest_route=\/wp\/v2\/pages\/38"}],"collection":[{"href":"https:\/\/disenya.produccionesgorgona.com\/index.php?rest_route=\/wp\/v2\/pages"}],"about":[{"href":"https:\/\/disenya.produccionesgorgona.com\/index.php?rest_route=\/wp\/v2\/types\/page"}],"author":[{"embeddable":true,"href":"https:\/\/disenya.produccionesgorgona.com\/index.php?rest_route=\/wp\/v2\/users\/1"}],"replies":[{"embeddable":true,"href":"https:\/\/disenya.produccionesgorgona.com\/index.php?rest_route=%2Fwp%2Fv2%2Fcomments&post=38"}],"version-history":[{"count":12,"href":"https:\/\/disenya.produccionesgorgona.com\/index.php?rest_route=\/wp\/v2\/pages\/38\/revisions"}],"predecessor-version":[{"id":178,"href":"https:\/\/disenya.produccionesgorgona.com\/index.php?rest_route=\/wp\/v2\/pages\/38\/revisions\/178"}],"wp:attachment":[{"href":"https:\/\/disenya.produccionesgorgona.com\/index.php?rest_route=%2Fwp%2Fv2%2Fmedia&parent=38"}],"curies":[{"name":"wp","href":"https:\/\/api.w.org\/{rel}","templated":true}]}}