{"id":41,"date":"2022-05-24T11:30:28","date_gmt":"2022-05-24T11:30:28","guid":{"rendered":"https:\/\/disenya.produccionesgorgona.com\/?page_id=41"},"modified":"2023-10-30T15:44:58","modified_gmt":"2023-10-30T15:44:58","slug":"patrocinadores","status":"publish","type":"page","link":"https:\/\/disenya.produccionesgorgona.com\/?page_id=41","title":{"rendered":"Patrocinadores"},"content":{"rendered":"\n<p>Este evento no podr\u00eda salir adelante sin nuestras patrocinadoras. Gracias a todas por formar parte de esto. <\/p>\n\n\n\n<figure class=\"wp-block-gallery has-nested-images columns-default is-cropped wp-block-gallery-1 is-layout-flex wp-block-gallery-is-layout-flex\"><\/figure>\n\n\n\n<p><\/p>\n\n\n\n<p>Si quer\u00e9is ser colaboradoras del evento, pod\u00e9is contactarnos escribiendo un mail a roldisena@gmail.com<\/p>\n","protected":false},"excerpt":{"rendered":"<p>Este evento no podr\u00eda salir adelante sin nuestras patrocinadoras. Gracias a todas por formar parte de esto. Si quer\u00e9is ser colaboradoras del evento, pod\u00e9is contactarnos escribiendo un mail a roldisena@gmail.com<\/p>\n","protected":false},"author":1,"featured_media":0,"parent":0,"menu_order":0,"comment_status":"closed","ping_status":"closed","template":"","meta":{"footnotes":"","inspiro_hide_title":false},"_links":{"self":[{"href":"https:\/\/disenya.produccionesgorgona.com\/index.php?rest_route=\/wp\/v2\/pages\/41"}],"collection":[{"href":"https:\/\/disenya.produccionesgorgona.com\/index.php?rest_route=\/wp\/v2\/pages"}],"about":[{"href":"https:\/\/disenya.produccionesgorgona.com\/index.php?rest_route=\/wp\/v2\/types\/page"}],"author":[{"embeddable":true,"href":"https:\/\/disenya.produccionesgorgona.com\/index.php?rest_route=\/wp\/v2\/users\/1"}],"replies":[{"embeddable":true,"href":"https:\/\/disenya.produccionesgorgona.com\/index.php?rest_route=%2Fwp%2Fv2%2Fcomments&post=41"}],"version-history":[{"count":7,"href":"https:\/\/disenya.produccionesgorgona.com\/index.php?rest_route=\/wp\/v2\/pages\/41\/revisions"}],"predecessor-version":[{"id":162,"href":"https:\/\/disenya.produccionesgorgona.com\/index.php?rest_route=\/wp\/v2\/pages\/41\/revisions\/162"}],"wp:attachment":[{"href":"https:\/\/disenya.produccionesgorgona.com\/index.php?rest_route=%2Fwp%2Fv2%2Fmedia&parent=41"}],"curies":[{"name":"wp","href":"https:\/\/api.w.org\/{rel}","templated":true}]}}