{"id":45,"date":"2022-05-24T11:31:47","date_gmt":"2022-05-24T11:31:47","guid":{"rendered":"https:\/\/disenya.produccionesgorgona.com\/?page_id=45"},"modified":"2022-05-31T11:12:00","modified_gmt":"2022-05-31T11:12:00","slug":"normas","status":"publish","type":"page","link":"https:\/\/disenya.produccionesgorgona.com\/?page_id=45","title":{"rendered":"Normas"},"content":{"rendered":"\n<p>Las organizadoras de DISE\u00d1A queremos crear una comunidad sana e inclusiva, donde tengan cabida todo tipo de personas. Para ello, establecemos aqu\u00ed un C\u00f3digo de Conducta que nos ayude a conseguirlo.&nbsp;<\/p>\n\n\n\n<p>Participar en las jornadas DISE\u00d1A implica la aceptaci\u00f3n de todas las normas expuestas en en este C\u00f3digo de Conducta, as\u00ed como el sistema de sanciones impuesto.&nbsp;<\/p>\n\n\n\n<h2 class=\"wp-block-heading\">C\u00f3digo de Conducta<\/h2>\n\n\n\n<p>El incumplimiento de cualquiera de los puntos de este C\u00f3digo de Conducta permitir\u00e1 a la organizaci\u00f3n tomar medidas disciplinarias al respecto, incluido la expulsi\u00f3n del mismo en casos graves.&nbsp;<\/p>\n\n\n\n<p>Queremos dar las gracias a EntreRevs y Avanlarp, cuyos C\u00f3digos de conducta hemos utilizado de base para el nuestro.&nbsp;<\/p>\n\n\n\n<p><strong>RESPETO<\/strong><\/p>\n\n\n\n<p>DISE\u00d1A se rige por una base fundamental: el respeto. Respeto a las otras participantes, a las ponentes y a las organizadoras, tanto fuera como dentro de las diferentes actividades.<\/p>\n\n\n\n<p>Participaremos en los diferentes debates de forma respetuosa, sin subir el tono ni palabras hirientes. Sabemos que la creaci\u00f3n es un tema muy personal y pasional que puede ser a veces fuente de conflicto, as\u00ed que intentad opinar de forma respetuosa, construyendo y no destruyendo las aportaciones de todas las presentes.&nbsp;<\/p>\n\n\n\n<p><strong>SEGURIDAD<\/strong><\/p>\n\n\n\n<p>La seguridad f\u00edsica y emocional de todos los participantes de DISE\u00d1A es una prioridad para nosotras. No estar\u00e1 permitido ning\u00fan tipo de acoso, intimidaci\u00f3n, abuso o interacciones no consensuadas que ser\u00e1n consideradas una ruptura grave del c\u00f3digo de conducta.<\/p>\n\n\n\n<p>Cualquier violaci\u00f3n de este c\u00f3digo podr\u00e1 ser reportada a cualquiera de los organizadores o al correo <a href=\"mailto:roldisena@gmail.com\">roldisena@gmail.com<\/a>, que ser\u00e1 revisado de manera continua durante el evento.<\/p>\n\n\n\n<p><strong>INCLUSI\u00d3N<\/strong><\/p>\n\n\n\n<p>DISE\u00d1A es un espacio que busca ser seguro para todas. Damos la bienvenida a cualquier participante, independientemente de su g\u00e9nero, etnia, edad, sexualidad, religi\u00f3n o creencia, tipo de cuerpo, neurotipo o cualquier otra caracter\u00edstica.<\/p>\n\n\n\n<p>Si tienes cualquier discapacidad o problema m\u00e9dico que haga que tu acceso a los espacios sea dif\u00edcil, no dudes en contactarnos para intentar hacer lo posible para contar contigo.<\/p>\n\n\n\n<p><strong>COMPORTAMIENTO DESEADO<\/strong><\/p>\n\n\n\n<p>Para ayudar a que DISE\u00d1A sea un evento m\u00e1s abierto e inclusivo os proponemos las siguientes acciones:<\/p>\n\n\n\n<ul><li><strong>La silla vac\u00eda<\/strong>: Deja una silla vac\u00eda en todas las discusiones de grupo, que haga que la gente pueda unirse a ellas sin sentirse rara. Si alguien coge la silla vac\u00eda en tu grupo, id a por otra. Esto se aplica especialmente a los espacios no organizados.<\/li><li><strong>Esp\u00edritu amigable<\/strong>: ac\u00e9rcate a DISE\u00d1A y a cualquier interacci\u00f3n dentro de ella con el objetivo de estrechar lazos de amistad y ser abierta con la gente.<\/li><li><strong>Incluye a la gente nueva<\/strong>: si alguien llega a mitad de un debate, ay\u00fadala a unirse a \u00e9l haci\u00e9ndoles un peque\u00f1o resumen de lo que est\u00e1is hablando.<\/li><li><strong>Sed comprensivas<\/strong>: asumid que las participantes tienen sus mejores intenciones, en vez de pensar que est\u00e1n haciendo un ataque personal o un juicio de valor.<\/li><li><strong>Sed respetuosas y emp\u00e1ticas<\/strong>: No todo el mundo tiene la misma tolerancia ni interpreta las palabras de la misma forma. Procurad hablar de la manera m\u00e1s clara posible en vuestros comentarios y tratad de aclarar cualquier malentendido si alguien malinterpreta vuestras palabras.<\/li><li><strong>Permitid espacio<\/strong> en las conversaciones para aquellos que deseen hablar sin dominar o interrumpir.<\/li><\/ul>\n\n\n\n<p>Y, en general, <strong>sed amables<\/strong>.<\/p>\n","protected":false},"excerpt":{"rendered":"<p>Las organizadoras de DISE\u00d1A queremos crear una comunidad sana e inclusiva, donde tengan cabida todo tipo de personas. Para ello, establecemos aqu\u00ed un C\u00f3digo de Conducta que nos ayude a conseguirlo.&nbsp; Participar en las jornadas DISE\u00d1A implica la aceptaci\u00f3n de todas las normas expuestas en en este C\u00f3digo de Conducta, as\u00ed como el sistema de &hellip; <\/p>\n<p class=\"link-more\"><a href=\"https:\/\/disenya.produccionesgorgona.com\/?page_id=45\" class=\"more-link\">Leer m\u00e1s<span class=\"screen-reader-text\"> \u00abNormas\u00bb<\/span><\/a><\/p>\n","protected":false},"author":1,"featured_media":0,"parent":0,"menu_order":0,"comment_status":"closed","ping_status":"closed","template":"","meta":{"footnotes":"","inspiro_hide_title":false},"_links":{"self":[{"href":"https:\/\/disenya.produccionesgorgona.com\/index.php?rest_route=\/wp\/v2\/pages\/45"}],"collection":[{"href":"https:\/\/disenya.produccionesgorgona.com\/index.php?rest_route=\/wp\/v2\/pages"}],"about":[{"href":"https:\/\/disenya.produccionesgorgona.com\/index.php?rest_route=\/wp\/v2\/types\/page"}],"author":[{"embeddable":true,"href":"https:\/\/disenya.produccionesgorgona.com\/index.php?rest_route=\/wp\/v2\/users\/1"}],"replies":[{"embeddable":true,"href":"https:\/\/disenya.produccionesgorgona.com\/index.php?rest_route=%2Fwp%2Fv2%2Fcomments&post=45"}],"version-history":[{"count":4,"href":"https:\/\/disenya.produccionesgorgona.com\/index.php?rest_route=\/wp\/v2\/pages\/45\/revisions"}],"predecessor-version":[{"id":74,"href":"https:\/\/disenya.produccionesgorgona.com\/index.php?rest_route=\/wp\/v2\/pages\/45\/revisions\/74"}],"wp:attachment":[{"href":"https:\/\/disenya.produccionesgorgona.com\/index.php?rest_route=%2Fwp%2Fv2%2Fmedia&parent=45"}],"curies":[{"name":"wp","href":"https:\/\/api.w.org\/{rel}","templated":true}]}}